{"id":9870,"date":"2026-02-10T17:37:18","date_gmt":"2026-02-10T16:37:18","guid":{"rendered":"https:\/\/emakumeakzientzian.eus\/manifestua\/"},"modified":"2026-02-10T18:06:46","modified_gmt":"2026-02-10T17:06:46","slug":"manifestua","status":"publish","type":"page","link":"https:\/\/emakumeakzientzian.eus\/es\/manifestua\/","title":{"rendered":"Manifiesto"},"content":{"rendered":"<section class=\"l-section wpb_row height_medium\"><div class=\"l-section-h i-cf\"><div class=\"g-cols vc_row via_flex valign_top type_default stacking_default\"><div class=\"vc_col-sm-12 wpb_column vc_column_container\"><div class=\"vc_column-inner\"><div class=\"wpb_wrapper\"><div class=\"wpb_text_column\"><div class=\"wpb_wrapper\"><h2><strong>Acciones para inspirar la ciencia del futuro<\/strong><\/h2>\n<h3><span style=\"font-weight: 400;\">Desde Emakumeak Zientzian presentamos nuestro plan de acciones. Este documento expresa nuestro compromiso de abordar de ra\u00edz las desigualdades desde una perspectiva interseccional, y nos compromete a seguir trabajando activamente a favor de la visibilidad de las cient\u00edficas, la democratizaci\u00f3n de la ciencia y la construcci\u00f3n de entornos laborales equitativos y corresponsables para consolidar un futuro cient\u00edfico y tecnol\u00f3gico m\u00e1s justo.<\/span><\/h3>\n<\/div><\/div><\/div><\/div><\/div><\/div><\/div><\/section><section class=\"l-section wpb_row height_medium\"><div class=\"l-section-h i-cf\"><div class=\"g-cols vc_row via_flex valign_top type_default stacking_default equal_height\"><div class=\"vc_col-sm-4 wpb_column vc_column_container\"><div class=\"vc_column-inner\"><div class=\"wpb_wrapper\"><div class=\"wpb_text_column\"><div class=\"wpb_wrapper\"><div style=\"background: #b7bccb; padding: 28px 32px; border-radius: 8px; overflow: hidden; min-height: 360px;\">\n<div style=\"font-weight: 800; font-size: 26px; line-height: 1; margin-bottom: 14px; color: #1b1f2a;\">01<\/div>\n<div style=\"font-size: 16px; line-height: 1.55; color: #1b1f2a;\">\n<p><b>Impulsamos la plena participaci\u00f3n de las mujeres y de colectivos infrarrepresentados<\/b><span style=\"font-weight: 400;\"> (clase, g\u00e9nero, etnia, procedencia, disciplinas\u2026) en ciencia, abogando por una ciencia igualitaria que represente y sirva a toda la sociedad.<\/span><\/p>\n<\/div>\n<div style=\"background: #b7bccb; padding: 28px 32px; border-radius: 8px; overflow: hidden; height: 100%;\"><\/div>\n<\/div>\n<\/div><\/div><\/div><\/div><\/div><div class=\"vc_col-sm-4 wpb_column vc_column_container\"><div class=\"vc_column-inner\"><div class=\"wpb_wrapper\"><div class=\"wpb_text_column\"><div class=\"wpb_wrapper\"><div style=\"background: #b7bccb; padding: 28px 32px; border-radius: 8px; overflow: hidden; min-height: 360px;\">\n<div style=\"font-weight: 800; font-size: 26px; line-height: 1; margin-bottom: 14px; color: #1b1f2a;\">02<\/div>\n<div style=\"font-size: 16px; line-height: 1.55; color: #1b1f2a;\">\n<p><b>Ponemos el foco en fomentar las vocaciones STEAM entre las ni\u00f1as y dar visibilidad a las cient\u00edficas y colectivos infrarrepresentados<\/b><span style=\"font-weight: 400;\"> desde una perspectiva interseccional.\u00a0 Para ello, actuamos desde la sensibilizaci\u00f3n temprana para romper estereotipos y fomentar una elecci\u00f3n profesional libre y ambiciosa.<\/span><\/p>\n<\/div>\n<\/div>\n<\/div><\/div><\/div><\/div><\/div><div class=\"vc_col-sm-4 wpb_column vc_column_container\"><div class=\"vc_column-inner\"><div class=\"wpb_wrapper\"><div class=\"wpb_text_column\"><div class=\"wpb_wrapper\"><div style=\"background: #b7bccb; padding: 28px 32px; border-radius: 8px; overflow: hidden; min-height: 360px;\">\n<div style=\"font-weight: 800; font-size: 26px; line-height: 1; margin-bottom: 14px; color: #1b1f2a;\">03<\/div>\n<div style=\"font-size: 16px; line-height: 1.55; color: #1b1f2a;\">\n<p><b>Acercamos la ciencia y la cultura cient\u00edfica de forma inclusiva e igualitaria a la sociedad, fomentando su democratizaci\u00f3n.<\/b><span style=\"font-weight: 400;\"> Difundimos el conocimiento cient\u00edfico de manera accesible y rigurosa, visibilizando la labor y contribuci\u00f3n de las cient\u00edficas, y promoviendo la participaci\u00f3n activa de la ciudadan\u00eda en toda su diversidad.<\/span><\/p>\n<\/div>\n<\/div>\n<\/div><\/div><\/div><\/div><\/div><\/div><\/div><\/section><section class=\"l-section wpb_row height_medium\"><div class=\"l-section-h i-cf\"><div class=\"g-cols vc_row via_flex valign_top type_default stacking_default equal_height\"><div class=\"vc_col-sm-4 wpb_column vc_column_container\"><div class=\"vc_column-inner\"><div class=\"wpb_wrapper\"><div class=\"wpb_text_column\"><div class=\"wpb_wrapper\"><div style=\"background: #b7bccb; padding: 28px 32px; border-radius: 8px; overflow: hidden; min-height: 360px;\">\n<div style=\"font-weight: 800; font-size: 26px; line-height: 1; margin-bottom: 14px; color: #1b1f2a;\">04<\/div>\n<div style=\"font-size: 16px; line-height: 1.55; color: #1b1f2a;\">\n<p><b>Abrazamos el modelo STEAM.<\/b><span style=\"font-weight: 400;\"> Entendemos la ciencia en su \u00e1mbito m\u00e1s amplio y la integramos con las humanidades y el arte, derribando muros entre disciplinas.<\/span><\/p>\n<\/div>\n<\/div>\n<\/div><\/div><\/div><\/div><\/div><div class=\"vc_col-sm-4 wpb_column vc_column_container\"><div class=\"vc_column-inner\"><div class=\"wpb_wrapper\"><div class=\"wpb_text_column\"><div class=\"wpb_wrapper\"><div style=\"background: #b7bccb; padding: 28px 32px; border-radius: 8px; overflow: hidden; min-height: 360px;\">\n<div style=\"font-weight: 800; font-size: 26px; line-height: 1; margin-bottom: 14px; color: #1b1f2a;\">05<\/div>\n<div style=\"font-size: 16px; line-height: 1.55; color: #1b1f2a;\">\n<p><b>Promovemos carreras inclusivas y sostenibles.<\/b><span style=\"font-weight: 400;\"> Trabajamos para promover carreras profesionales inclusivas, exigiendo entornos de trabajo saludables y promoviendo ritmos de vida profesional y personal sostenibles.<\/span><\/p>\n<\/div>\n<\/div>\n<\/div><\/div><\/div><\/div><\/div><div class=\"vc_col-sm-4 wpb_column vc_column_container\"><div class=\"vc_column-inner\"><div class=\"wpb_wrapper\"><div class=\"wpb_text_column\"><div class=\"wpb_wrapper\"><div style=\"background: #b7bccb; padding: 28px 32px; border-radius: 8px; overflow: hidden; min-height: 360px;\">\n<div style=\"font-weight: 800; font-size: 26px; line-height: 1; margin-bottom: 14px; color: #1b1f2a;\">06<\/div>\n<div style=\"font-size: 16px; line-height: 1.55; color: #1b1f2a;\">\n<p><b>Abogamos por cambios estructurales.<\/b><span style=\"font-weight: 400;\"> Impulsaremos los debates necesarios para marcar una hoja de ruta e implementar cambios reales hacia la igualdad y la diversidad en nuestras organizaciones.<\/span><\/p>\n<\/div>\n<\/div>\n<\/div><\/div><\/div><\/div><\/div><\/div><\/div><\/section><section class=\"l-section wpb_row height_medium\"><div class=\"l-section-h i-cf\"><div class=\"g-cols vc_row via_flex valign_top type_default stacking_default equal_height\"><div class=\"vc_col-sm-4 wpb_column vc_column_container\"><div class=\"vc_column-inner\"><div class=\"wpb_wrapper\"><div class=\"wpb_text_column\"><div class=\"wpb_wrapper\"><div style=\"background: #b7bccb; padding: 28px 32px; border-radius: 8px; overflow: hidden; min-height: 360px;\">\n<div style=\"font-weight: 800; font-size: 26px; line-height: 1; margin-bottom: 14px; color: #1b1f2a;\">07<\/div>\n<div style=\"font-size: 16px; line-height: 1.55; color: #1b1f2a;\">\n<p><b>Creemos en un sistema de evaluaci\u00f3n que premie la contribuci\u00f3n por encima de la productividad.<\/b><span style=\"font-weight: 400;\"> Luchamos por un sistema de evaluaci\u00f3n cient\u00edfica que mida el impacto real y valore tanto la calidad como la colaboraci\u00f3n.<\/span><\/p>\n<\/div>\n<\/div>\n<\/div><\/div><\/div><\/div><\/div><div class=\"vc_col-sm-4 wpb_column vc_column_container\"><div class=\"vc_column-inner\"><div class=\"wpb_wrapper\"><div class=\"wpb_text_column\"><div class=\"wpb_wrapper\"><div style=\"background: #b7bccb; padding: 28px 32px; border-radius: 8px; overflow: hidden; min-height: 360px;\">\n<div style=\"font-weight: 800; font-size: 26px; line-height: 1; margin-bottom: 14px; color: #1b1f2a;\">08<\/div>\n<div style=\"font-size: 16px; line-height: 1.55; color: #1b1f2a;\">\n<p><b>Nos desmarcamos de la instrumentalizaci\u00f3n de la igualdad y cualquier forma de participaci\u00f3n meramente simb\u00f3lica.<\/b><span style=\"font-weight: 400;\"> Defendemos un compromiso real y transformador con los valores que representan nuestra red.<\/span><\/p>\n<\/div>\n<\/div>\n<\/div><\/div><\/div><\/div><\/div><div class=\"vc_col-sm-4 wpb_column vc_column_container\"><div class=\"vc_column-inner\"><div class=\"wpb_wrapper\"><div class=\"wpb_text_column\"><div class=\"wpb_wrapper\"><div style=\"background: #b7bccb; padding: 28px 32px; border-radius: 8px; overflow: hidden; min-height: 360px;\">\n<div style=\"font-weight: 800; font-size: 26px; line-height: 1; margin-bottom: 14px; color: #1b1f2a;\">09<\/div>\n<div style=\"font-size: 16px; line-height: 1.55; color: #1b1f2a;\">\n<p><b>Tejemos una red de colaboraci\u00f3n y cuidado mutuo.<\/b><span style=\"font-weight: 400;\"> Fomentamos la colaboraci\u00f3n y la escucha hacia dentro y fuera de nuestra comunidad, entendiendo la red como un espacio seguro y esencial para compartir experiencias, impulsar el liderazgo colectivo y generar cambios estructurales.<\/span><\/p>\n<\/div>\n<\/div>\n<\/div><\/div><\/div><\/div><\/div><\/div><\/div><\/section><section class=\"l-section wpb_row height_medium\"><div class=\"l-section-h i-cf\"><div class=\"g-cols vc_row via_flex valign_top type_default stacking_default\"><div class=\"vc_col-sm-12 wpb_column vc_column_container\"><div class=\"vc_column-inner\"><div class=\"wpb_wrapper\"><div class=\"wpb_text_column\"><div class=\"wpb_wrapper\"><h3><span style=\"font-weight: 400;\">Este manifiesto es un compromiso \u00e9tico que adquirimos dentro de la alianza Emakumeak Zientzian. Invitamos a organizaciones e instituciones a acompa\u00f1arnos en estas<\/span><b> 9 <\/b><span style=\"font-weight: 400;\">acciones para construir, juntas, la ciencia del futuro.\u00a0<\/span><\/h3>\n<\/div><\/div><div class=\"w-separator size_medium with_line width_default thick_5 style_solid color_border align_center\"><div class=\"w-separator-h\"><\/div><\/div><\/div><\/div><\/div><\/div><\/div><\/section>\n","protected":false},"excerpt":{"rendered":"Acciones para inspirar la ciencia del futuro Desde Emakumeak Zientzian presentamos nuestro plan de acciones. Este documento expresa nuestro compromiso de abordar de ra\u00edz las desigualdades desde una perspectiva interseccional, y nos compromete a seguir trabajando activamente a favor de la visibilidad de las cient\u00edficas, la democratizaci\u00f3n de la ciencia y la construcci\u00f3n de entornos...","protected":false},"author":3,"featured_media":0,"parent":0,"menu_order":0,"comment_status":"closed","ping_status":"closed","template":"","meta":{"_acf_changed":false,"footnotes":""},"class_list":["post-9870","page","type-page","status-publish","hentry"],"acf":[],"yoast_head":"<!-- This site is optimized with the Yoast SEO plugin v27.5 - https:\/\/yoast.com\/product\/yoast-seo-wordpress\/ -->\n<title>Manifiesto - Emakumeak zientzian<\/title>\n<meta name=\"robots\" content=\"index, follow, max-snippet:-1, max-image-preview:large, max-video-preview:-1\" \/>\n<link rel=\"canonical\" href=\"https:\/\/emakumeakzientzian.eus\/es\/manifestua\/\" \/>\n<meta property=\"og:locale\" content=\"es_ES\" \/>\n<meta property=\"og:type\" content=\"article\" \/>\n<meta property=\"og:title\" content=\"Manifiesto - Emakumeak zientzian\" \/>\n<meta property=\"og:url\" content=\"https:\/\/emakumeakzientzian.eus\/es\/manifestua\/\" \/>\n<meta property=\"og:site_name\" content=\"Emakumeak zientzian\" \/>\n<meta property=\"article:modified_time\" content=\"2026-02-10T17:06:46+00:00\" \/>\n<meta name=\"twitter:card\" content=\"summary_large_image\" \/>\n<meta name=\"twitter:label1\" content=\"Tiempo de lectura\" \/>\n\t<meta name=\"twitter:data1\" content=\"3 minutos\" \/>\n<script type=\"application\/ld+json\" class=\"yoast-schema-graph\">{\"@context\":\"https:\\\/\\\/schema.org\",\"@graph\":[{\"@type\":\"WebPage\",\"@id\":\"https:\\\/\\\/emakumeakzientzian.eus\\\/es\\\/manifestua\\\/\",\"url\":\"https:\\\/\\\/emakumeakzientzian.eus\\\/es\\\/manifestua\\\/\",\"name\":\"Manifiesto - Emakumeak zientzian\",\"isPartOf\":{\"@id\":\"https:\\\/\\\/emakumeakzientzian.eus\\\/es\\\/#website\"},\"datePublished\":\"2026-02-10T16:37:18+00:00\",\"dateModified\":\"2026-02-10T17:06:46+00:00\",\"breadcrumb\":{\"@id\":\"https:\\\/\\\/emakumeakzientzian.eus\\\/es\\\/manifestua\\\/#breadcrumb\"},\"inLanguage\":\"es\",\"potentialAction\":[{\"@type\":\"ReadAction\",\"target\":[\"https:\\\/\\\/emakumeakzientzian.eus\\\/es\\\/manifestua\\\/\"]}]},{\"@type\":\"BreadcrumbList\",\"@id\":\"https:\\\/\\\/emakumeakzientzian.eus\\\/es\\\/manifestua\\\/#breadcrumb\",\"itemListElement\":[{\"@type\":\"ListItem\",\"position\":1,\"name\":\"Home\",\"item\":\"https:\\\/\\\/emakumeakzientzian.eus\\\/es\\\/\"},{\"@type\":\"ListItem\",\"position\":2,\"name\":\"Manifiesto\"}]},{\"@type\":\"WebSite\",\"@id\":\"https:\\\/\\\/emakumeakzientzian.eus\\\/es\\\/#website\",\"url\":\"https:\\\/\\\/emakumeakzientzian.eus\\\/es\\\/\",\"name\":\"Emakumeak zientzian\",\"description\":\"Emakumeak zientzian jardunaldiak\",\"publisher\":{\"@id\":\"https:\\\/\\\/emakumeakzientzian.eus\\\/es\\\/#organization\"},\"potentialAction\":[{\"@type\":\"SearchAction\",\"target\":{\"@type\":\"EntryPoint\",\"urlTemplate\":\"https:\\\/\\\/emakumeakzientzian.eus\\\/es\\\/?s={search_term_string}\"},\"query-input\":{\"@type\":\"PropertyValueSpecification\",\"valueRequired\":true,\"valueName\":\"search_term_string\"}}],\"inLanguage\":\"es\"},{\"@type\":\"Organization\",\"@id\":\"https:\\\/\\\/emakumeakzientzian.eus\\\/es\\\/#organization\",\"name\":\"Emakumeak Zientzian\",\"url\":\"https:\\\/\\\/emakumeakzientzian.eus\\\/es\\\/\",\"logo\":{\"@type\":\"ImageObject\",\"inLanguage\":\"es\",\"@id\":\"https:\\\/\\\/emakumeakzientzian.eus\\\/es\\\/#\\\/schema\\\/logo\\\/image\\\/\",\"url\":\"https:\\\/\\\/emakumeakzientzian.eus\\\/wp-content\\\/uploads\\\/2022\\\/11\\\/Logo-EEZZ.png\",\"contentUrl\":\"https:\\\/\\\/emakumeakzientzian.eus\\\/wp-content\\\/uploads\\\/2022\\\/11\\\/Logo-EEZZ.png\",\"width\":1364,\"height\":1396,\"caption\":\"Emakumeak Zientzian\"},\"image\":{\"@id\":\"https:\\\/\\\/emakumeakzientzian.eus\\\/es\\\/#\\\/schema\\\/logo\\\/image\\\/\"}}]}<\/script>\n<!-- \/ Yoast SEO plugin. -->","yoast_head_json":{"title":"Manifiesto - Emakumeak zientzian","robots":{"index":"index","follow":"follow","max-snippet":"max-snippet:-1","max-image-preview":"max-image-preview:large","max-video-preview":"max-video-preview:-1"},"canonical":"https:\/\/emakumeakzientzian.eus\/es\/manifestua\/","og_locale":"es_ES","og_type":"article","og_title":"Manifiesto - Emakumeak zientzian","og_url":"https:\/\/emakumeakzientzian.eus\/es\/manifestua\/","og_site_name":"Emakumeak zientzian","article_modified_time":"2026-02-10T17:06:46+00:00","twitter_card":"summary_large_image","twitter_misc":{"Tiempo de lectura":"3 minutos"},"schema":{"@context":"https:\/\/schema.org","@graph":[{"@type":"WebPage","@id":"https:\/\/emakumeakzientzian.eus\/es\/manifestua\/","url":"https:\/\/emakumeakzientzian.eus\/es\/manifestua\/","name":"Manifiesto - Emakumeak zientzian","isPartOf":{"@id":"https:\/\/emakumeakzientzian.eus\/es\/#website"},"datePublished":"2026-02-10T16:37:18+00:00","dateModified":"2026-02-10T17:06:46+00:00","breadcrumb":{"@id":"https:\/\/emakumeakzientzian.eus\/es\/manifestua\/#breadcrumb"},"inLanguage":"es","potentialAction":[{"@type":"ReadAction","target":["https:\/\/emakumeakzientzian.eus\/es\/manifestua\/"]}]},{"@type":"BreadcrumbList","@id":"https:\/\/emakumeakzientzian.eus\/es\/manifestua\/#breadcrumb","itemListElement":[{"@type":"ListItem","position":1,"name":"Home","item":"https:\/\/emakumeakzientzian.eus\/es\/"},{"@type":"ListItem","position":2,"name":"Manifiesto"}]},{"@type":"WebSite","@id":"https:\/\/emakumeakzientzian.eus\/es\/#website","url":"https:\/\/emakumeakzientzian.eus\/es\/","name":"Emakumeak zientzian","description":"Emakumeak zientzian jardunaldiak","publisher":{"@id":"https:\/\/emakumeakzientzian.eus\/es\/#organization"},"potentialAction":[{"@type":"SearchAction","target":{"@type":"EntryPoint","urlTemplate":"https:\/\/emakumeakzientzian.eus\/es\/?s={search_term_string}"},"query-input":{"@type":"PropertyValueSpecification","valueRequired":true,"valueName":"search_term_string"}}],"inLanguage":"es"},{"@type":"Organization","@id":"https:\/\/emakumeakzientzian.eus\/es\/#organization","name":"Emakumeak Zientzian","url":"https:\/\/emakumeakzientzian.eus\/es\/","logo":{"@type":"ImageObject","inLanguage":"es","@id":"https:\/\/emakumeakzientzian.eus\/es\/#\/schema\/logo\/image\/","url":"https:\/\/emakumeakzientzian.eus\/wp-content\/uploads\/2022\/11\/Logo-EEZZ.png","contentUrl":"https:\/\/emakumeakzientzian.eus\/wp-content\/uploads\/2022\/11\/Logo-EEZZ.png","width":1364,"height":1396,"caption":"Emakumeak Zientzian"},"image":{"@id":"https:\/\/emakumeakzientzian.eus\/es\/#\/schema\/logo\/image\/"}}]}},"_links":{"self":[{"href":"https:\/\/emakumeakzientzian.eus\/es\/wp-json\/wp\/v2\/pages\/9870","targetHints":{"allow":["GET"]}}],"collection":[{"href":"https:\/\/emakumeakzientzian.eus\/es\/wp-json\/wp\/v2\/pages"}],"about":[{"href":"https:\/\/emakumeakzientzian.eus\/es\/wp-json\/wp\/v2\/types\/page"}],"author":[{"embeddable":true,"href":"https:\/\/emakumeakzientzian.eus\/es\/wp-json\/wp\/v2\/users\/3"}],"replies":[{"embeddable":true,"href":"https:\/\/emakumeakzientzian.eus\/es\/wp-json\/wp\/v2\/comments?post=9870"}],"version-history":[{"count":7,"href":"https:\/\/emakumeakzientzian.eus\/es\/wp-json\/wp\/v2\/pages\/9870\/revisions"}],"predecessor-version":[{"id":9877,"href":"https:\/\/emakumeakzientzian.eus\/es\/wp-json\/wp\/v2\/pages\/9870\/revisions\/9877"}],"wp:attachment":[{"href":"https:\/\/emakumeakzientzian.eus\/es\/wp-json\/wp\/v2\/media?parent=9870"}],"curies":[{"name":"wp","href":"https:\/\/api.w.org\/{rel}","templated":true}]}}