{"id":433,"date":"2020-01-23T21:57:27","date_gmt":"2020-01-23T20:57:27","guid":{"rendered":"https:\/\/emakumeakzientzian.eus\/?page_id=433"},"modified":"2023-01-04T12:39:00","modified_gmt":"2023-01-04T11:39:00","slug":"politica-de-cookies","status":"publish","type":"page","link":"https:\/\/emakumeakzientzian.eus\/es\/politica-de-cookies\/","title":{"rendered":"Pol\u00edtica de cookies"},"content":{"rendered":"\r\n<h2 class=\"wp-block-heading\"><strong>POL\u00cdTICA DE COOKIES<\/strong><\/h2>\r\n\r\n\r\n\r\n<p>El WEBSITE utiliza archivos cookies de terceros.<\/p>\r\n\r\n\r\n\r\n<p>Los archivos cookies (en adelante, \u201c<strong>COOKIES<\/strong>\u201d) son archivos o ficheros f\u00edsicos de informaci\u00f3n que se almacenan en el equipo inform\u00e1tico del USUARIO inequ\u00edvocamente asociados a dicho equipo y que permiten la recogida y recuperaci\u00f3n de informaci\u00f3n referente a la navegaci\u00f3n y uso del WEBSITE por parte del USUARIO.<\/p>\r\n\r\n\r\n\r\n<h3 class=\"wp-block-heading\">Finalidad de la utilizaci\u00f3n de COOKIES<\/h3>\r\n\r\n\r\n\r\n<p>Las finalidades de la utilizaci\u00f3n de COOKIES en el WEBSITE son (i) facilitar la navegaci\u00f3n fluida y personalizada del USUARIO por el WEBSITE; (ii) facilitar y mejorar el acceso del USUARIO a determinados contenidos y la utilizaci\u00f3n por parte de \u00e9ste de los servicios que las entidades organizadoras de Emakumeak Zientzian ponen a su disposici\u00f3n a trav\u00e9s del WEBSITE; (iii) analizar las actividades del USUARIO en el WEBSITE en aras a mejorarlo y adaptarlo a sus necesidades; y (iv) personalizar la publicidad dirigida al USUARIO ajust\u00e1ndola a sus preferencias.<\/p>\r\n\r\n\r\n\r\n<h3 class=\"wp-block-heading\">Tipos de COOKIES<\/h3>\r\n\r\n\r\n\r\n<p>El WEBSITE utiliza COOKIES de terceros (se env\u00edan al equipo terminal del USUARIO desde un equipo o dominio gestionado por otra entidad ajena a las entidades organizadoras) de las siguientes tipolog\u00edas:<\/p>\r\n\r\n\r\n\r\n<ul class=\"wp-block-list\">\r\n<li><em>COOKIES de preferencia: COOKIES que permiten recordar informaci\u00f3n para que el USUARIO acceda al servicio con determinadas caracter\u00edsticas que pueden diferenciar su experiencia de la de otros USUARIOS, como, por ejemplo, el idioma, el n\u00famero de resultados a mostrar cuando el usuario realiza una b\u00fasqueda, el aspecto o contenido del servicio en funci\u00f3n del tipo de navegador utilizado o la regi\u00f3n desde la que accede al servicio.<\/em><\/li>\r\n<li><em>COOKIES de an\u00e1lisis: COOKIES que permiten al responsable de las mismas el seguimiento y an\u00e1lisis del comportamiento del USUARIO en el WEBSITE para la medici\u00f3n de la actividad en el mismo con la finalidad de introducir mejoras.<\/em><\/li>\r\n<\/ul>\r\n\r\n\r\n\r\n<h3 class=\"wp-block-heading\">COOKIES utilizados en el WEBSITE<\/h3>\r\n\r\n\r\n\r\n<p>A continuaci\u00f3n se identifican las COOKIES utilizadas en el WEBSITE:<\/p>\r\n\r\n\r\n\r\n<figure class=\"wp-block-table\">\r\n<table>\r\n<tbody>\r\n<tr>\r\n<td><strong>Cookies de terceros<\/strong><\/td>\r\n<td>\u00a0<\/td>\r\n<td>\u00a0<\/td>\r\n<td>\u00a0<\/td>\r\n<td>\u00a0<\/td>\r\n<\/tr>\r\n<tr>\r\n<td><strong>Cookie<\/strong><\/td>\r\n<td><strong>Titular<\/strong><\/td>\r\n<td><strong>Tipo<\/strong><\/td>\r\n<td><strong>Duraci\u00f3n<\/strong><\/td>\r\n<td><strong>Finalidad<\/strong><\/td>\r\n<\/tr>\r\n<tr>\r\n<td><em>NID<\/em><br \/><em>DV<\/em><br \/><em>CONSENT<\/em><\/td>\r\n<td>Google<\/td>\r\n<td>Cookie de preferencia<\/td>\r\n<td>Hasta 18 a\u00f1os<\/td>\r\n<td><em>Personalizaci\u00f3n de la visualizaci\u00f3n de anuncios fuera de Google y almacenamiento de informaci\u00f3n, como el idioma preferido a la hora de mostrar resultados de b\u00fasqueda.<\/em><\/td>\r\n<\/tr>\r\n<tr>\r\n<td><em>PREF<\/em><br \/><em>GPS<\/em><br \/><em>CONSENT<\/em><\/td>\r\n<td>Youtube<\/td>\r\n<td>Cookie de preferencia<\/td>\r\n<td>Hasta 18 a\u00f1os<\/td>\r\n<td><em>Almacenamiento de identificaci\u00f3n o preferencias de visualizaci\u00f3n y de b\u00fasqueda de los videos de Youtube: idioma preferido, filtro safe-search, etc.<\/em><\/td>\r\n<\/tr>\r\n<tr>\r\n<td><em>US_COOKIE_NOTICE_ACCEPTED<\/em><\/td>\r\n<td>WordPress<\/td>\r\n<td>Cookie de preferencia<\/td>\r\n<td>\u00a0<\/td>\r\n<td><em>Para analizar si el usuario ha aceptado la pol\u00edtica de cookies<\/em><\/td>\r\n<\/tr>\r\n<tr>\r\n<td><em>VCHIDEACTIVATIONMSG_VC11<\/em><\/td>\r\n<td>WordPress<\/td>\r\n<td>Cookie de preferencia<\/td>\r\n<td>\u00a0<\/td>\r\n<td><em>Para permitir enviar mensajes desde el formulario de contacto<\/em><\/td>\r\n<\/tr>\r\n<tr>\r\n<td><em>UULE,<\/em><br \/><em>_ga,<\/em><br \/><em>_gat,<\/em><br \/><em>_gid<\/em><\/td>\r\n<td>Google<\/td>\r\n<td>Cookie anal\u00edtica<\/td>\r\n<td>1 d\u00eda<\/td>\r\n<td>A<em>nalizar el comportamiento del usuario en la web y personalizar su navegaci\u00f3n.<\/em><\/td>\r\n<\/tr>\r\n<\/tbody>\r\n<\/table>\r\n<\/figure>\r\n\r\n\r\n\r\n<p>&nbsp;<\/p>\r\n\r\n\r\n\r\n<ul class=\"wp-block-list\">\r\n<li><em>Google y Youtube<\/em>: <em>El WEBSITE utiliza Google Analytics, un servicio de anal\u00edtica web desarrollado por Google que permite a las entidades organizadoras conocer c\u00f3mo interact\u00faan los USUARIOS con el WEBSITE y elaborar informes de tendencias de navegaci\u00f3n del mismo sin identificar a los USUARIOS individuales.<\/em><\/li>\r\n<\/ul>\r\n\r\n\r\n\r\n<p>La informaci\u00f3n que generan las COOKIES de Google Analytics ser\u00e1 directamente recopilada y archivada por Google en sus propios servidores. En consecuencia, dicha captaci\u00f3n de la informaci\u00f3n sobre el uso del WEBSITE por parte del USUARIO y la determinaci\u00f3n de la finalidad del tratamiento y uso de la informaci\u00f3n captada corresponde exclusivamente a Google, quien act\u00faa en su propio nombre, mientras que las entidades organizadoras no tienen acceso en ning\u00fan caso a dicha informaci\u00f3n, sino \u00fanicamente a la informaci\u00f3n agregada y an\u00f3nima que Google le facilita a trav\u00e9s de sus informes.<\/p>\r\n\r\n\r\n\r\n<figure class=\"wp-block-table\">\r\n<table>\r\n<tbody>\r\n<tr>\r\n<td>Google Analytics<\/td>\r\n<td><a href=\"https:\/\/developers.google.com\/analytics\/devguides\/collection\/analyticsjs\/cookie-usage?hl=es\">https:\/\/developers.google.com\/analytics\/devguides\/collection\/analyticsjs\/cookie-usage?hl=es<\/a><\/td>\r\n<\/tr>\r\n<tr>\r\n<td>C\u00f3mo utiliza Google las cookies<\/td>\r\n<td><a href=\"https:\/\/www.google.es\/intl\/es\/policies\/technologies\/cookies\/\"><em>https:\/\/www.google.es\/intl\/en\/policies\/technologies\/cookies\/<\/em><\/a><\/td>\r\n<\/tr>\r\n<tr>\r\n<td>Tipos de cookies que utiliza Google<\/td>\r\n<td><a href=\"http:\/\/www.google.es\/intl\/es\/policies\/technologies\/types\/\"><em>http:\/\/www.google.es\/intl\/en\/policies\/technologies\/types\/<\/em><\/a><\/td>\r\n<\/tr>\r\n<tr>\r\n<td>Pol\u00edticas de privacidad<\/td>\r\n<td><a href=\"http:\/\/www.google.es\/intl\/es\/policies\/privacy\/\"><em>http:\/\/www.google.es\/intl\/en\/policies\/privacy\/<\/em><\/a><\/td>\r\n<\/tr>\r\n<\/tbody>\r\n<\/table>\r\n<\/figure>\r\n\r\n\r\n\r\n<p><br \/>En todo caso, se hace constar que las entidades organizadoras no tienen acceso a la informaci\u00f3n recogida a trav\u00e9s de las referidas COOKIES de terceros, al margen de la informaci\u00f3n agregada y an\u00f3nima que, en su caso, \u00e9stos pongan a su disposici\u00f3n, siendo dichos terceros quienes determinan la finalidad del tratamiento y uso de dicha informaci\u00f3n.<\/p>\r\n\r\n\r\n\r\n<h3 class=\"wp-block-heading\">Consentimiento<\/h3>\r\n\r\n\r\n\r\n<p>Sin perjuicio del consentimiento que, en su caso, el USUARIO preste en su registro para acceder a los contenidos y servicios ofrecidos por las entidades organizadoras a trav\u00e9s del WEBSITE, as\u00ed como en cualesquiera otros apartados que incluyan mecanismos de consentimiento expreso (e.g. Condiciones Particulares), la continuaci\u00f3n en el uso del WEBSITE supone el consentimiento del USUARIO a la instalaci\u00f3n y uso de COOKIES en los t\u00e9rminos antedichos.<\/p>\r\n\r\n\r\n\r\n<p>Asimismo, se informa al USUARIO de que, en cualquier momento, puede revocar el consentimiento prestado en relaci\u00f3n con el uso de COOKIES en el WEBSITE, eliminando las COOKIES almacenadas en su equipo terminal a trav\u00e9s de los ajustes y configuraciones de su navegador.<\/p>\r\n\r\n\r\n\r\n<p>El WEBSITE es accesible sin necesidad de que est\u00e9n activadas las opciones referentes a COOKIES. Ello no obstante, se advierte de que el rechazo o desinstalaci\u00f3n de COOKIES puede hacer que el acceso a determinados contenidos y el uso de algunos servicios puestos a disposici\u00f3n del USUARIO a trav\u00e9s del WEBSITE no sean plenamente funcionales.<\/p>\r\n\r\n\r\n\r\n<h3 class=\"wp-block-heading\">Desactivaci\u00f3n de COOKIES<\/h3>\r\n\r\n\r\n\r\n<p>Se informa al USUARIO de que puede restringir, bloquear o eliminar el uso de COOKIES mediante la selecci\u00f3n de la configuraci\u00f3n apropiada de su programa navegador.<\/p>\r\n\r\n\r\n\r\n<p>Para m\u00e1s informaci\u00f3n sobre la configuraci\u00f3n de su navegador:<\/p>\r\n\r\n\r\n\r\n<figure class=\"wp-block-table\">\r\n<table>\r\n<tbody>\r\n<tr>\r\n<td>Internet Explorer<\/td>\r\n<td><a href=\"https:\/\/support.microsoft.com\/es-es\/help\/17442\/windows-internet-explorer-delete-manage-cookies#ie=ie-10\"><em>http:\/\/windows.microsoft.com\/es-xl\/internet-explorer\/delete-manage-cookies#ie=ie-10<\/em> <\/a><\/td>\r\n<\/tr>\r\n<tr>\r\n<td>Firefox<\/td>\r\n<td><a href=\"https:\/\/support.mozilla.org\/es\/kb\/Borrar%20cookies\"><em>https:\/\/support.mozilla.org\/es\/kb\/Borrar%20cookies<\/em><\/a><\/td>\r\n<\/tr>\r\n<tr>\r\n<td>Chrome<\/td>\r\n<td><a href=\"https:\/\/support.google.com\/chrome\/answer\/95647?hl=es\"><em>https:\/\/support.google.com\/chrome\/answer\/95647?hl=es<\/em><\/a><\/td>\r\n<\/tr>\r\n<tr>\r\n<td>Safari<\/td>\r\n<td><a href=\"https:\/\/support.apple.com\/es-es\/guide\/safari\/sfri11471\/mac\"><em>https:\/\/support.apple.com\/es-es\/guide\/safari\/sfri11471\/mac<\/em><\/a><\/td>\r\n<\/tr>\r\n<\/tbody>\r\n<\/table>\r\n<\/figure>\r\n\r\n\r\n\r\n<p><br \/>Para m\u00e1s informaci\u00f3n sobre cookies: <a href=\"https:\/\/www.allaboutcookies.org\/es\/\">https:\/\/www.allaboutcookies.org\/es\/<\/a><\/p>\r\n\r\n\r\n\r\n        <div id=\"cookie-button\">\n            <cookie-button><\/cookie-button>\n        <\/div>\n        \r\n\r\n\r\n\r\n<p>Para m\u00e1s informaci\u00f3n sobre el tratamiento de sus datos personales en el WEBSITE, por favor dir\u00edjase a la <a href=\"https:\/\/emakumeakzientzian.eus\/es\/politica-de-privacidad\/\">Pol\u00edtica de Privacidad<\/a>.<\/p>\r\n","protected":false},"excerpt":{"rendered":"<p>POL\u00cdTICA DE COOKIES El WEBSITE utiliza archivos cookies de terceros. Los archivos cookies (en adelante, \u201cCOOKIES\u201d) son archivos o ficheros f\u00edsicos de informaci\u00f3n que se almacenan en el equipo inform\u00e1tico del USUARIO inequ\u00edvocamente asociados a dicho equipo y que permiten la recogida y recuperaci\u00f3n de informaci\u00f3n referente a la navegaci\u00f3n y uso del WEBSITE por&#8230;<\/p>\n","protected":false},"author":2,"featured_media":0,"parent":0,"menu_order":0,"comment_status":"closed","ping_status":"open","template":"","meta":{"_acf_changed":false,"footnotes":""},"class_list":["post-433","page","type-page","status-publish","hentry"],"acf":[],"yoast_head":"<!-- This site is optimized with the Yoast SEO plugin v27.3 - https:\/\/yoast.com\/product\/yoast-seo-wordpress\/ -->\n<title>Pol\u00edtica de cookies - Emakumeak zientzian<\/title>\n<meta name=\"robots\" content=\"index, follow, max-snippet:-1, max-image-preview:large, max-video-preview:-1\" \/>\n<link rel=\"canonical\" href=\"https:\/\/emakumeakzientzian.eus\/es\/politica-de-cookies\/\" \/>\n<meta property=\"og:locale\" content=\"es_ES\" \/>\n<meta property=\"og:type\" content=\"article\" \/>\n<meta property=\"og:title\" content=\"Pol\u00edtica de cookies - Emakumeak zientzian\" \/>\n<meta property=\"og:description\" content=\"POL\u00cdTICA DE COOKIES El WEBSITE utiliza archivos cookies de terceros. Los archivos cookies (en adelante, \u201cCOOKIES\u201d) son archivos o ficheros f\u00edsicos de informaci\u00f3n que se almacenan en el equipo inform\u00e1tico del USUARIO inequ\u00edvocamente asociados a dicho equipo y que permiten la recogida y recuperaci\u00f3n de informaci\u00f3n referente a la navegaci\u00f3n y uso del WEBSITE por...\" \/>\n<meta property=\"og:url\" content=\"https:\/\/emakumeakzientzian.eus\/es\/politica-de-cookies\/\" \/>\n<meta property=\"og:site_name\" content=\"Emakumeak zientzian\" \/>\n<meta property=\"article:modified_time\" content=\"2023-01-04T11:39:00+00:00\" \/>\n<meta name=\"twitter:card\" content=\"summary_large_image\" \/>\n<meta name=\"twitter:label1\" content=\"Tiempo de lectura\" \/>\n\t<meta name=\"twitter:data1\" content=\"5 minutos\" \/>\n<script type=\"application\/ld+json\" class=\"yoast-schema-graph\">{\"@context\":\"https:\\\/\\\/schema.org\",\"@graph\":[{\"@type\":\"WebPage\",\"@id\":\"https:\\\/\\\/emakumeakzientzian.eus\\\/es\\\/politica-de-cookies\\\/\",\"url\":\"https:\\\/\\\/emakumeakzientzian.eus\\\/es\\\/politica-de-cookies\\\/\",\"name\":\"Pol\u00edtica de cookies - Emakumeak zientzian\",\"isPartOf\":{\"@id\":\"https:\\\/\\\/emakumeakzientzian.eus\\\/es\\\/#website\"},\"datePublished\":\"2020-01-23T20:57:27+00:00\",\"dateModified\":\"2023-01-04T11:39:00+00:00\",\"breadcrumb\":{\"@id\":\"https:\\\/\\\/emakumeakzientzian.eus\\\/es\\\/politica-de-cookies\\\/#breadcrumb\"},\"inLanguage\":\"es\",\"potentialAction\":[{\"@type\":\"ReadAction\",\"target\":[\"https:\\\/\\\/emakumeakzientzian.eus\\\/es\\\/politica-de-cookies\\\/\"]}]},{\"@type\":\"BreadcrumbList\",\"@id\":\"https:\\\/\\\/emakumeakzientzian.eus\\\/es\\\/politica-de-cookies\\\/#breadcrumb\",\"itemListElement\":[{\"@type\":\"ListItem\",\"position\":1,\"name\":\"Home\",\"item\":\"https:\\\/\\\/emakumeakzientzian.eus\\\/es\\\/\"},{\"@type\":\"ListItem\",\"position\":2,\"name\":\"Pol\u00edtica de cookies\"}]},{\"@type\":\"WebSite\",\"@id\":\"https:\\\/\\\/emakumeakzientzian.eus\\\/es\\\/#website\",\"url\":\"https:\\\/\\\/emakumeakzientzian.eus\\\/es\\\/\",\"name\":\"Emakumeak zientzian\",\"description\":\"Emakumeak zientzian jardunaldiak\",\"publisher\":{\"@id\":\"https:\\\/\\\/emakumeakzientzian.eus\\\/es\\\/#organization\"},\"potentialAction\":[{\"@type\":\"SearchAction\",\"target\":{\"@type\":\"EntryPoint\",\"urlTemplate\":\"https:\\\/\\\/emakumeakzientzian.eus\\\/es\\\/?s={search_term_string}\"},\"query-input\":{\"@type\":\"PropertyValueSpecification\",\"valueRequired\":true,\"valueName\":\"search_term_string\"}}],\"inLanguage\":\"es\"},{\"@type\":\"Organization\",\"@id\":\"https:\\\/\\\/emakumeakzientzian.eus\\\/es\\\/#organization\",\"name\":\"Emakumeak Zientzian\",\"url\":\"https:\\\/\\\/emakumeakzientzian.eus\\\/es\\\/\",\"logo\":{\"@type\":\"ImageObject\",\"inLanguage\":\"es\",\"@id\":\"https:\\\/\\\/emakumeakzientzian.eus\\\/es\\\/#\\\/schema\\\/logo\\\/image\\\/\",\"url\":\"https:\\\/\\\/emakumeakzientzian.eus\\\/wp-content\\\/uploads\\\/2022\\\/11\\\/Logo-EEZZ.png\",\"contentUrl\":\"https:\\\/\\\/emakumeakzientzian.eus\\\/wp-content\\\/uploads\\\/2022\\\/11\\\/Logo-EEZZ.png\",\"width\":1364,\"height\":1396,\"caption\":\"Emakumeak Zientzian\"},\"image\":{\"@id\":\"https:\\\/\\\/emakumeakzientzian.eus\\\/es\\\/#\\\/schema\\\/logo\\\/image\\\/\"}}]}<\/script>\n<!-- \/ Yoast SEO plugin. -->","yoast_head_json":{"title":"Pol\u00edtica de cookies - Emakumeak zientzian","robots":{"index":"index","follow":"follow","max-snippet":"max-snippet:-1","max-image-preview":"max-image-preview:large","max-video-preview":"max-video-preview:-1"},"canonical":"https:\/\/emakumeakzientzian.eus\/es\/politica-de-cookies\/","og_locale":"es_ES","og_type":"article","og_title":"Pol\u00edtica de cookies - Emakumeak zientzian","og_description":"POL\u00cdTICA DE COOKIES El WEBSITE utiliza archivos cookies de terceros. Los archivos cookies (en adelante, \u201cCOOKIES\u201d) son archivos o ficheros f\u00edsicos de informaci\u00f3n que se almacenan en el equipo inform\u00e1tico del USUARIO inequ\u00edvocamente asociados a dicho equipo y que permiten la recogida y recuperaci\u00f3n de informaci\u00f3n referente a la navegaci\u00f3n y uso del WEBSITE por...","og_url":"https:\/\/emakumeakzientzian.eus\/es\/politica-de-cookies\/","og_site_name":"Emakumeak zientzian","article_modified_time":"2023-01-04T11:39:00+00:00","twitter_card":"summary_large_image","twitter_misc":{"Tiempo de lectura":"5 minutos"},"schema":{"@context":"https:\/\/schema.org","@graph":[{"@type":"WebPage","@id":"https:\/\/emakumeakzientzian.eus\/es\/politica-de-cookies\/","url":"https:\/\/emakumeakzientzian.eus\/es\/politica-de-cookies\/","name":"Pol\u00edtica de cookies - Emakumeak zientzian","isPartOf":{"@id":"https:\/\/emakumeakzientzian.eus\/es\/#website"},"datePublished":"2020-01-23T20:57:27+00:00","dateModified":"2023-01-04T11:39:00+00:00","breadcrumb":{"@id":"https:\/\/emakumeakzientzian.eus\/es\/politica-de-cookies\/#breadcrumb"},"inLanguage":"es","potentialAction":[{"@type":"ReadAction","target":["https:\/\/emakumeakzientzian.eus\/es\/politica-de-cookies\/"]}]},{"@type":"BreadcrumbList","@id":"https:\/\/emakumeakzientzian.eus\/es\/politica-de-cookies\/#breadcrumb","itemListElement":[{"@type":"ListItem","position":1,"name":"Home","item":"https:\/\/emakumeakzientzian.eus\/es\/"},{"@type":"ListItem","position":2,"name":"Pol\u00edtica de cookies"}]},{"@type":"WebSite","@id":"https:\/\/emakumeakzientzian.eus\/es\/#website","url":"https:\/\/emakumeakzientzian.eus\/es\/","name":"Emakumeak zientzian","description":"Emakumeak zientzian jardunaldiak","publisher":{"@id":"https:\/\/emakumeakzientzian.eus\/es\/#organization"},"potentialAction":[{"@type":"SearchAction","target":{"@type":"EntryPoint","urlTemplate":"https:\/\/emakumeakzientzian.eus\/es\/?s={search_term_string}"},"query-input":{"@type":"PropertyValueSpecification","valueRequired":true,"valueName":"search_term_string"}}],"inLanguage":"es"},{"@type":"Organization","@id":"https:\/\/emakumeakzientzian.eus\/es\/#organization","name":"Emakumeak Zientzian","url":"https:\/\/emakumeakzientzian.eus\/es\/","logo":{"@type":"ImageObject","inLanguage":"es","@id":"https:\/\/emakumeakzientzian.eus\/es\/#\/schema\/logo\/image\/","url":"https:\/\/emakumeakzientzian.eus\/wp-content\/uploads\/2022\/11\/Logo-EEZZ.png","contentUrl":"https:\/\/emakumeakzientzian.eus\/wp-content\/uploads\/2022\/11\/Logo-EEZZ.png","width":1364,"height":1396,"caption":"Emakumeak Zientzian"},"image":{"@id":"https:\/\/emakumeakzientzian.eus\/es\/#\/schema\/logo\/image\/"}}]}},"_links":{"self":[{"href":"https:\/\/emakumeakzientzian.eus\/es\/wp-json\/wp\/v2\/pages\/433","targetHints":{"allow":["GET"]}}],"collection":[{"href":"https:\/\/emakumeakzientzian.eus\/es\/wp-json\/wp\/v2\/pages"}],"about":[{"href":"https:\/\/emakumeakzientzian.eus\/es\/wp-json\/wp\/v2\/types\/page"}],"author":[{"embeddable":true,"href":"https:\/\/emakumeakzientzian.eus\/es\/wp-json\/wp\/v2\/users\/2"}],"replies":[{"embeddable":true,"href":"https:\/\/emakumeakzientzian.eus\/es\/wp-json\/wp\/v2\/comments?post=433"}],"version-history":[{"count":4,"href":"https:\/\/emakumeakzientzian.eus\/es\/wp-json\/wp\/v2\/pages\/433\/revisions"}],"predecessor-version":[{"id":3575,"href":"https:\/\/emakumeakzientzian.eus\/es\/wp-json\/wp\/v2\/pages\/433\/revisions\/3575"}],"wp:attachment":[{"href":"https:\/\/emakumeakzientzian.eus\/es\/wp-json\/wp\/v2\/media?parent=433"}],"curies":[{"name":"wp","href":"https:\/\/api.w.org\/{rel}","templated":true}]}}