{"id":227,"date":"2020-01-17T13:40:48","date_gmt":"2020-01-17T12:40:48","guid":{"rendered":"https:\/\/emakumeakzientzian.eus\/?page_id=227"},"modified":"2026-01-12T18:31:02","modified_gmt":"2026-01-12T17:31:02","slug":"politica-de-privacidad","status":"publish","type":"page","link":"https:\/\/emakumeakzientzian.eus\/es\/politica-de-privacidad\/","title":{"rendered":"Pol\u00edtica de privacidad"},"content":{"rendered":"<section class=\"l-section wpb_row height_medium\"><div class=\"l-section-h i-cf\"><div class=\"g-cols vc_row via_flex valign_top type_default stacking_default\"><div class=\"vc_col-sm-12 wpb_column vc_column_container\"><div class=\"vc_column-inner\"><div class=\"wpb_wrapper\"><div class=\"wpb_text_column\"><div class=\"wpb_wrapper\"><h2><strong>POL\u00cdTICA DE PRIVACIDAD PARA EL WEBSITE<\/strong><\/h2>\n<h3 data-start=\"4769\" data-end=\"4788\">1. INTRODUCCI\u00d3N<\/h3>\n<p data-start=\"4790\" data-end=\"5076\">La presente Pol\u00edtica de Privacidad (en adelante, <strong data-start=\"4839\" data-end=\"4865\">POL\u00cdTICA DE PRIVACIDAD<\/strong>) regula el tratamiento de los datos personales facilitados por las personas usuarias del sitio web <a class=\"decorated-link\" href=\"https:\/\/www.emakumeakzientzian.eus\" target=\"_new\" rel=\"noopener\" data-start=\"4965\" data-end=\"4999\">https:\/\/www.emakumeakzientzian.eus<span aria-hidden=\"true\" class=\"ms-0.5 inline-block align-middle leading-none\"><\/span><\/a> (en adelante, <strong data-start=\"5014\" data-end=\"5025\">WEBSITE<\/strong>) en el marco del proyecto <strong data-start=\"5052\" data-end=\"5075\">Emakumeak Zientzian<\/strong>.<\/p>\n<p data-start=\"5078\" data-end=\"5184\">Las entidades organizadoras del proyecto son <strong data-start=\"5123\" data-end=\"5183\">las que figuran en cada momento en el footer del WEBSITE<\/strong>.<\/p>\n<p data-start=\"5186\" data-end=\"5423\">Esta Pol\u00edtica se aplica a todos los formularios, secciones, blogs, redes sociales, newsletters y dem\u00e1s funcionalidades disponibles en el WEBSITE, sin perjuicio de la informaci\u00f3n espec\u00edfica que pueda facilitarse en determinados servicios.<\/p>\n<p data-start=\"5425\" data-end=\"5610\">Las entidades organizadoras se reservan el derecho a modificar esta Pol\u00edtica para adaptarla a cambios normativos o funcionales, respetando siempre los derechos de las personas usuarias.<\/p>\n<h3 data-start=\"5617\" data-end=\"5651\">2. RESPONSABLE DEL TRATAMIENTO<\/h3>\n<p data-start=\"5653\" data-end=\"5808\">Las responsables del tratamiento de los datos son las <strong data-start=\"5707\" data-end=\"5767\">entidades organizadoras del proyecto Emakumeak Zientzian<\/strong>, identificadas en el footer del WEBSITE.<\/p>\n<p data-start=\"5810\" data-end=\"5954\">Para cualquier cuesti\u00f3n relacionada con la privacidad o el tratamiento de datos, puedes contactar en: \u00a0<strong data-start=\"5917\" data-end=\"5954\"><a class=\"decorated-link cursor-pointer\" rel=\"noopener\" data-start=\"5919\" data-end=\"5952\">info.emakumeakzientzian@gmail.com<\/a><\/strong><\/p>\n<h3 data-start=\"5961\" data-end=\"5987\">3. ORIGEN DE LOS DATOS<\/h3>\n<p data-start=\"5989\" data-end=\"6088\">Los datos personales tratados han sido facilitados directamente por la persona usuaria a trav\u00e9s de:<\/p>\n<ul data-start=\"6090\" data-end=\"6219\">\n<li data-start=\"6090\" data-end=\"6117\">\n<p data-start=\"6092\" data-end=\"6117\">Formularios del WEBSITE<\/p>\n<\/li>\n<li data-start=\"6118\" data-end=\"6159\">\n<p data-start=\"6120\" data-end=\"6159\">Comunicaciones por correo electr\u00f3nico<\/p>\n<\/li>\n<li data-start=\"6160\" data-end=\"6219\">\n<p data-start=\"6162\" data-end=\"6219\">Interacci\u00f3n con perfiles corporativos en redes sociales<\/p>\n<\/li>\n<\/ul>\n<p data-start=\"6221\" data-end=\"6331\">En caso de facilitar datos de terceras personas, garantizas haberles informado y contar con su consentimiento.<\/p>\n<h3 data-start=\"6338\" data-end=\"6368\">4. TIPOS DE DATOS TRATADOS<\/h3>\n<p data-start=\"6370\" data-end=\"6422\">Se podr\u00e1n tratar las siguientes categor\u00edas de datos:<\/p>\n<ul data-start=\"6424\" data-end=\"6611\">\n<li data-start=\"6424\" data-end=\"6463\">\n<p data-start=\"6426\" data-end=\"6463\">Datos identificativos y de contacto<\/p>\n<\/li>\n<li data-start=\"6464\" data-end=\"6510\">\n<p data-start=\"6466\" data-end=\"6510\">Datos de acceso al WEBSITE, cuando proceda<\/p>\n<\/li>\n<li data-start=\"6511\" data-end=\"6554\">\n<p data-start=\"6513\" data-end=\"6554\">Datos de navegaci\u00f3n (IP, visitas, etc.)<\/p>\n<\/li>\n<li data-start=\"6555\" data-end=\"6611\">\n<p data-start=\"6557\" data-end=\"6611\">Informaci\u00f3n adicional facilitada de forma voluntaria<\/p>\n<\/li>\n<\/ul>\n<h3 data-start=\"6618\" data-end=\"6649\">5. FINALIDAD Y LEGITIMACI\u00d3N<\/h3>\n<p data-start=\"6651\" data-end=\"6689\">Los datos personales se tratar\u00e1n para:<\/p>\n<ul data-start=\"6691\" data-end=\"6804\">\n<li data-start=\"6691\" data-end=\"6744\">\n<p data-start=\"6693\" data-end=\"6744\">Gestionar y difundir las actividades del proyecto<\/p>\n<\/li>\n<li data-start=\"6745\" data-end=\"6804\">\n<p data-start=\"6747\" data-end=\"6804\">Gestionar inscripciones, comunicaciones y participaci\u00f3n<\/p>\n<\/li>\n<\/ul>\n<p data-start=\"6806\" data-end=\"6925\">La base legal del tratamiento es <strong data-start=\"6839\" data-end=\"6882\">el consentimiento de la persona usuaria<\/strong>, que podr\u00e1 retirarse en cualquier momento.<\/p>\n<h3 data-start=\"6932\" data-end=\"6981\">6. USO DE IM\u00c1GENES Y PARTICIPACI\u00d3N DE MENORES<\/h3>\n<p data-start=\"6983\" data-end=\"7125\">Durante las actividades generales del proyecto podr\u00e1n tomarse <strong data-start=\"7045\" data-end=\"7087\">fotograf\u00edas y materiales audiovisuales<\/strong> con fines de comunicaci\u00f3n y difusi\u00f3n.<\/p>\n<p data-start=\"7127\" data-end=\"7462\">En las actividades en las que participen <strong data-start=\"7168\" data-end=\"7196\">personas menores de edad<\/strong>, <strong data-start=\"7198\" data-end=\"7301\">cada entidad organizadora de la actividad ser\u00e1 responsable de recabar los permisos correspondientes<\/strong> de padres, madres o tutores legales. Desde la organizaci\u00f3n del proyecto se vela por el cumplimiento de esta obligaci\u00f3n y de la normativa de protecci\u00f3n de datos.<\/p>\n<h3 data-start=\"7469\" data-end=\"7497\">7. PLAZO DE CONSERVACI\u00d3N<\/h3>\n<p data-start=\"7499\" data-end=\"7695\">Los datos se conservar\u00e1n mientras no se retire el consentimiento o mientras sean necesarios para la finalidad para la que fueron recabados, y posteriormente durante los plazos legalmente exigidos.<\/p>\n<h3 data-start=\"7702\" data-end=\"7742\">8. DERECHOS DE LAS PERSONAS USUARIAS<\/h3>\n<p data-start=\"7744\" data-end=\"7775\">Puedes ejercer los derechos de:<\/p>\n<ul data-start=\"7777\" data-end=\"7897\">\n<li data-start=\"7777\" data-end=\"7787\">\n<p data-start=\"7779\" data-end=\"7787\">Acceso<\/p>\n<\/li>\n<li data-start=\"7788\" data-end=\"7805\">\n<p data-start=\"7790\" data-end=\"7805\">Rectificaci\u00f3n<\/p>\n<\/li>\n<li data-start=\"7806\" data-end=\"7819\">\n<p data-start=\"7808\" data-end=\"7819\">Supresi\u00f3n<\/p>\n<\/li>\n<li data-start=\"7820\" data-end=\"7834\">\n<p data-start=\"7822\" data-end=\"7834\">Limitaci\u00f3n<\/p>\n<\/li>\n<li data-start=\"7835\" data-end=\"7851\">\n<p data-start=\"7837\" data-end=\"7851\">Portabilidad<\/p>\n<\/li>\n<li data-start=\"7852\" data-end=\"7865\">\n<p data-start=\"7854\" data-end=\"7865\">Oposici\u00f3n<\/p>\n<\/li>\n<li data-start=\"7866\" data-end=\"7897\">\n<p data-start=\"7868\" data-end=\"7897\">Retirada del consentimiento<\/p>\n<\/li>\n<\/ul>\n<p data-start=\"7899\" data-end=\"7956\">Escribiendo a:\u00a0<strong data-start=\"7919\" data-end=\"7956\"><a class=\"decorated-link cursor-pointer\" rel=\"noopener\" data-start=\"7921\" data-end=\"7954\">info.emakumeakzientzian@gmail.com<span aria-hidden=\"true\" class=\"ms-0.5 inline-block align-middle leading-none\"><\/span><\/a><\/strong><\/p>\n<p data-start=\"7958\" data-end=\"8063\">Tambi\u00e9n puedes presentar una reclamaci\u00f3n ante la Agencia Espa\u00f1ola de Protecci\u00f3n de Datos: <strong data-start=\"8048\" data-end=\"8063\"><a class=\"decorated-link cursor-pointer\" target=\"_new\" rel=\"noopener\" data-start=\"8050\" data-end=\"8061\">www.aepd.es<\/a><\/strong><\/p>\n<h3 data-start=\"8070\" data-end=\"8097\">9. MEDIDAS DE SEGURIDAD<\/h3>\n<p data-start=\"8099\" data-end=\"8250\">Las entidades organizadoras aplican medidas t\u00e9cnicas y organizativas adecuadas para garantizar la seguridad y confidencialidad de los datos personales.<\/p>\n<\/div><\/div><\/div><\/div><\/div><\/div><\/div><\/section><!-- \/wp:post-content -->","protected":false},"excerpt":{"rendered":"POL\u00cdTICA DE PRIVACIDAD PARA EL WEBSITE 1. INTRODUCCI\u00d3N La presente Pol\u00edtica de Privacidad (en adelante, POL\u00cdTICA DE PRIVACIDAD) regula el tratamiento de los datos personales facilitados por las personas usuarias del sitio web https:\/\/www.emakumeakzientzian.eus (en adelante, WEBSITE) en el marco del proyecto Emakumeak Zientzian. Las entidades organizadoras del proyecto son las que figuran en cada...","protected":false},"author":1,"featured_media":0,"parent":0,"menu_order":0,"comment_status":"closed","ping_status":"closed","template":"","meta":{"_acf_changed":false,"footnotes":""},"class_list":["post-227","page","type-page","status-publish","hentry"],"acf":[],"yoast_head":"<!-- This site is optimized with the Yoast SEO plugin v27.5 - https:\/\/yoast.com\/product\/yoast-seo-wordpress\/ -->\n<title>Pol\u00edtica de privacidad - Emakumeak zientzian<\/title>\n<meta name=\"robots\" content=\"index, follow, max-snippet:-1, max-image-preview:large, max-video-preview:-1\" \/>\n<link rel=\"canonical\" href=\"https:\/\/emakumeakzientzian.eus\/es\/politica-de-privacidad\/\" \/>\n<meta property=\"og:locale\" content=\"es_ES\" \/>\n<meta property=\"og:type\" content=\"article\" \/>\n<meta property=\"og:title\" content=\"Pol\u00edtica de privacidad - Emakumeak zientzian\" \/>\n<meta property=\"og:url\" content=\"https:\/\/emakumeakzientzian.eus\/es\/politica-de-privacidad\/\" \/>\n<meta property=\"og:site_name\" content=\"Emakumeak zientzian\" \/>\n<meta property=\"article:modified_time\" content=\"2026-01-12T17:31:02+00:00\" \/>\n<meta name=\"twitter:card\" content=\"summary_large_image\" \/>\n<meta name=\"twitter:label1\" content=\"Tiempo de lectura\" \/>\n\t<meta name=\"twitter:data1\" content=\"12 minutos\" \/>\n<script type=\"application\/ld+json\" class=\"yoast-schema-graph\">{\"@context\":\"https:\\\/\\\/schema.org\",\"@graph\":[{\"@type\":\"WebPage\",\"@id\":\"https:\\\/\\\/emakumeakzientzian.eus\\\/es\\\/politica-de-privacidad\\\/\",\"url\":\"https:\\\/\\\/emakumeakzientzian.eus\\\/es\\\/politica-de-privacidad\\\/\",\"name\":\"Pol\u00edtica de privacidad - Emakumeak zientzian\",\"isPartOf\":{\"@id\":\"https:\\\/\\\/emakumeakzientzian.eus\\\/es\\\/#website\"},\"datePublished\":\"2020-01-17T12:40:48+00:00\",\"dateModified\":\"2026-01-12T17:31:02+00:00\",\"breadcrumb\":{\"@id\":\"https:\\\/\\\/emakumeakzientzian.eus\\\/es\\\/politica-de-privacidad\\\/#breadcrumb\"},\"inLanguage\":\"es\",\"potentialAction\":[{\"@type\":\"ReadAction\",\"target\":[\"https:\\\/\\\/emakumeakzientzian.eus\\\/es\\\/politica-de-privacidad\\\/\"]}]},{\"@type\":\"BreadcrumbList\",\"@id\":\"https:\\\/\\\/emakumeakzientzian.eus\\\/es\\\/politica-de-privacidad\\\/#breadcrumb\",\"itemListElement\":[{\"@type\":\"ListItem\",\"position\":1,\"name\":\"Home\",\"item\":\"https:\\\/\\\/emakumeakzientzian.eus\\\/es\\\/\"},{\"@type\":\"ListItem\",\"position\":2,\"name\":\"Pol\u00edtica de privacidad\"}]},{\"@type\":\"WebSite\",\"@id\":\"https:\\\/\\\/emakumeakzientzian.eus\\\/es\\\/#website\",\"url\":\"https:\\\/\\\/emakumeakzientzian.eus\\\/es\\\/\",\"name\":\"Emakumeak zientzian\",\"description\":\"Emakumeak zientzian jardunaldiak\",\"publisher\":{\"@id\":\"https:\\\/\\\/emakumeakzientzian.eus\\\/es\\\/#organization\"},\"potentialAction\":[{\"@type\":\"SearchAction\",\"target\":{\"@type\":\"EntryPoint\",\"urlTemplate\":\"https:\\\/\\\/emakumeakzientzian.eus\\\/es\\\/?s={search_term_string}\"},\"query-input\":{\"@type\":\"PropertyValueSpecification\",\"valueRequired\":true,\"valueName\":\"search_term_string\"}}],\"inLanguage\":\"es\"},{\"@type\":\"Organization\",\"@id\":\"https:\\\/\\\/emakumeakzientzian.eus\\\/es\\\/#organization\",\"name\":\"Emakumeak Zientzian\",\"url\":\"https:\\\/\\\/emakumeakzientzian.eus\\\/es\\\/\",\"logo\":{\"@type\":\"ImageObject\",\"inLanguage\":\"es\",\"@id\":\"https:\\\/\\\/emakumeakzientzian.eus\\\/es\\\/#\\\/schema\\\/logo\\\/image\\\/\",\"url\":\"https:\\\/\\\/emakumeakzientzian.eus\\\/wp-content\\\/uploads\\\/2022\\\/11\\\/Logo-EEZZ.png\",\"contentUrl\":\"https:\\\/\\\/emakumeakzientzian.eus\\\/wp-content\\\/uploads\\\/2022\\\/11\\\/Logo-EEZZ.png\",\"width\":1364,\"height\":1396,\"caption\":\"Emakumeak Zientzian\"},\"image\":{\"@id\":\"https:\\\/\\\/emakumeakzientzian.eus\\\/es\\\/#\\\/schema\\\/logo\\\/image\\\/\"}}]}<\/script>\n<!-- \/ Yoast SEO plugin. -->","yoast_head_json":{"title":"Pol\u00edtica de privacidad - Emakumeak zientzian","robots":{"index":"index","follow":"follow","max-snippet":"max-snippet:-1","max-image-preview":"max-image-preview:large","max-video-preview":"max-video-preview:-1"},"canonical":"https:\/\/emakumeakzientzian.eus\/es\/politica-de-privacidad\/","og_locale":"es_ES","og_type":"article","og_title":"Pol\u00edtica de privacidad - Emakumeak zientzian","og_url":"https:\/\/emakumeakzientzian.eus\/es\/politica-de-privacidad\/","og_site_name":"Emakumeak zientzian","article_modified_time":"2026-01-12T17:31:02+00:00","twitter_card":"summary_large_image","twitter_misc":{"Tiempo de lectura":"12 minutos"},"schema":{"@context":"https:\/\/schema.org","@graph":[{"@type":"WebPage","@id":"https:\/\/emakumeakzientzian.eus\/es\/politica-de-privacidad\/","url":"https:\/\/emakumeakzientzian.eus\/es\/politica-de-privacidad\/","name":"Pol\u00edtica de privacidad - Emakumeak zientzian","isPartOf":{"@id":"https:\/\/emakumeakzientzian.eus\/es\/#website"},"datePublished":"2020-01-17T12:40:48+00:00","dateModified":"2026-01-12T17:31:02+00:00","breadcrumb":{"@id":"https:\/\/emakumeakzientzian.eus\/es\/politica-de-privacidad\/#breadcrumb"},"inLanguage":"es","potentialAction":[{"@type":"ReadAction","target":["https:\/\/emakumeakzientzian.eus\/es\/politica-de-privacidad\/"]}]},{"@type":"BreadcrumbList","@id":"https:\/\/emakumeakzientzian.eus\/es\/politica-de-privacidad\/#breadcrumb","itemListElement":[{"@type":"ListItem","position":1,"name":"Home","item":"https:\/\/emakumeakzientzian.eus\/es\/"},{"@type":"ListItem","position":2,"name":"Pol\u00edtica de privacidad"}]},{"@type":"WebSite","@id":"https:\/\/emakumeakzientzian.eus\/es\/#website","url":"https:\/\/emakumeakzientzian.eus\/es\/","name":"Emakumeak zientzian","description":"Emakumeak zientzian jardunaldiak","publisher":{"@id":"https:\/\/emakumeakzientzian.eus\/es\/#organization"},"potentialAction":[{"@type":"SearchAction","target":{"@type":"EntryPoint","urlTemplate":"https:\/\/emakumeakzientzian.eus\/es\/?s={search_term_string}"},"query-input":{"@type":"PropertyValueSpecification","valueRequired":true,"valueName":"search_term_string"}}],"inLanguage":"es"},{"@type":"Organization","@id":"https:\/\/emakumeakzientzian.eus\/es\/#organization","name":"Emakumeak Zientzian","url":"https:\/\/emakumeakzientzian.eus\/es\/","logo":{"@type":"ImageObject","inLanguage":"es","@id":"https:\/\/emakumeakzientzian.eus\/es\/#\/schema\/logo\/image\/","url":"https:\/\/emakumeakzientzian.eus\/wp-content\/uploads\/2022\/11\/Logo-EEZZ.png","contentUrl":"https:\/\/emakumeakzientzian.eus\/wp-content\/uploads\/2022\/11\/Logo-EEZZ.png","width":1364,"height":1396,"caption":"Emakumeak Zientzian"},"image":{"@id":"https:\/\/emakumeakzientzian.eus\/es\/#\/schema\/logo\/image\/"}}]}},"_links":{"self":[{"href":"https:\/\/emakumeakzientzian.eus\/es\/wp-json\/wp\/v2\/pages\/227","targetHints":{"allow":["GET"]}}],"collection":[{"href":"https:\/\/emakumeakzientzian.eus\/es\/wp-json\/wp\/v2\/pages"}],"about":[{"href":"https:\/\/emakumeakzientzian.eus\/es\/wp-json\/wp\/v2\/types\/page"}],"author":[{"embeddable":true,"href":"https:\/\/emakumeakzientzian.eus\/es\/wp-json\/wp\/v2\/users\/1"}],"replies":[{"embeddable":true,"href":"https:\/\/emakumeakzientzian.eus\/es\/wp-json\/wp\/v2\/comments?post=227"}],"version-history":[{"count":17,"href":"https:\/\/emakumeakzientzian.eus\/es\/wp-json\/wp\/v2\/pages\/227\/revisions"}],"predecessor-version":[{"id":8671,"href":"https:\/\/emakumeakzientzian.eus\/es\/wp-json\/wp\/v2\/pages\/227\/revisions\/8671"}],"wp:attachment":[{"href":"https:\/\/emakumeakzientzian.eus\/es\/wp-json\/wp\/v2\/media?parent=227"}],"curies":[{"name":"wp","href":"https:\/\/api.w.org\/{rel}","templated":true}]}}