{"id":1285,"date":"2021-05-27T12:46:34","date_gmt":"2021-05-27T11:46:34","guid":{"rendered":"https:\/\/emakumeakzientzian.eus\/?page_id=1285"},"modified":"2024-07-08T15:20:12","modified_gmt":"2024-07-08T14:20:12","slug":"videos","status":"publish","type":"page","link":"https:\/\/emakumeakzientzian.eus\/es\/videos\/","title":{"rendered":"V\u00eddeos"},"content":{"rendered":"<section class=\"l-section wpb_row height_medium\"><div class=\"l-section-h i-cf\"><div class=\"g-cols vc_row via_flex valign_top type_default stacking_default\"><div class=\"vc_col-sm-12 wpb_column vc_column_container\"><div class=\"vc_column-inner\"><div class=\"wpb_wrapper\"><div class=\"g-cols wpb_row via_flex valign_top type_default stacking_default\"><div class=\"vc_col-sm-10 wpb_column vc_column_container\"><div class=\"vc_column-inner\"><div class=\"wpb_wrapper\"><\/div><\/div><\/div><div class=\"vc_col-sm-2 wpb_column vc_column_container\"><div class=\"vc_column-inner\"><div class=\"wpb_wrapper\"><div class=\"w-image align_right\"><a target=\"_blank\" rel=\"nofollow\" href=\"https:\/\/www.youtube.com\/channel\/UCg8JrNPS5oHBPM-RHdyIgJA\/featured\" aria-label=\"youtube\" class=\"w-image-h\"><img decoding=\"async\" width=\"300\" height=\"90\" src=\"https:\/\/emakumeakzientzian.eus\/wp-content\/uploads\/2021\/05\/youtube-300x90.png\" class=\"attachment-medium size-medium\" alt=\"\" loading=\"lazy\" srcset=\"https:\/\/emakumeakzientzian.eus\/wp-content\/uploads\/2021\/05\/youtube-300x90.png 300w, https:\/\/emakumeakzientzian.eus\/wp-content\/uploads\/2021\/05\/youtube.png 1000w\" sizes=\"auto, (max-width: 300px) 100vw, 300px\" \/><\/a><\/div><\/div><\/div><\/div><\/div><div class=\"w-separator size_small\"><\/div><div class=\"w-tabs us_custom_ea2be81a layout_hor style_modern switch_click has_scrolling\" style=\"--sections-title-size:1em\"><div class=\"w-tabs-list items_8 align_none\"><div class=\"w-tabs-list-h\"><button class=\"w-tabs-item active\" aria-controls=\"content-r957\" aria-expanded=\"false\"><span class=\"w-tabs-item-title\">Mujeres Cient\u00edficas 2024<\/span><\/button><button class=\"w-tabs-item\" aria-controls=\"content-x96c\" aria-expanded=\"false\"><span class=\"w-tabs-item-title\">Mujeres Cient\u00edficas 2023<\/span><\/button><button class=\"w-tabs-item\" aria-controls=\"content-1620823619730-9b700697-6149\" aria-expanded=\"false\"><span class=\"w-tabs-item-title\">Mujeres cient\u00edficas<\/span><\/button><button class=\"w-tabs-item\" aria-controls=\"content-x987\" aria-expanded=\"false\"><span class=\"w-tabs-item-title\">Experimentos<\/span><\/button><button class=\"w-tabs-item\" aria-controls=\"content-o993\" aria-expanded=\"false\"><span class=\"w-tabs-item-title\">Charlas abiertas<\/span><\/button><button class=\"w-tabs-item\" aria-controls=\"content-t99e\" aria-expanded=\"false\"><span class=\"w-tabs-item-title\">Visita nuestros centros<\/span><\/button><button class=\"w-tabs-item\" aria-controls=\"content-c9aa\" aria-expanded=\"false\"><span class=\"w-tabs-item-title\">Cuentos cient\u00edficos<\/span><\/button><button class=\"w-tabs-item\" aria-controls=\"content-h9b5\" aria-expanded=\"false\"><span class=\"w-tabs-item-title\">V\u00eddeos resumen<\/span><\/button><\/div><\/div><div class=\"w-tabs-sections titles-align_none icon_chevron cpos_right\"><div class=\"w-tabs-section active\" id=\"r957\"><button class=\"w-tabs-section-header active\" aria-controls=\"content-r957\" aria-expanded=\"true\"><div class=\"w-tabs-section-title\">Mujeres Cient\u00edficas 2024<\/div><div class=\"w-tabs-section-control\"><\/div><\/button><div  class=\"w-tabs-section-content\" id=\"content-r957\"><div class=\"w-tabs-section-content-h i-cf\">[vc_raw_html]JTVCeW90dXdwJTIwdHlwZSUzRCUyMnBsYXlsaXN0JTIyJTIwaWQlM0QlMjJQTFdVUEhlX3lqWFJfeF9HMnJMSXJFUDNTVXZTTVM4TzNmJTIyJTIwJTVE[\/vc_raw_html]<\/div><\/div><\/div><div class=\"w-tabs-section\" id=\"x96c\"><button class=\"w-tabs-section-header\" aria-controls=\"content-x96c\" aria-expanded=\"false\"><div class=\"w-tabs-section-title\">Mujeres Cient\u00edficas 2023<\/div><div class=\"w-tabs-section-control\"><\/div><\/button><div  class=\"w-tabs-section-content\" id=\"content-x96c\"><div class=\"w-tabs-section-content-h i-cf\">[vc_raw_html]JTVCeW90dXdwJTIwdHlwZSUzRCUyMnBsYXlsaXN0JTIyJTIwaWQlM0QlMjJQTFdVUEhlX3lqWFI5VFZyX2s0am1kcXhHeTVCb0pzdGRLJTIyJTIwJTVE[\/vc_raw_html]<\/div><\/div><\/div><div class=\"w-tabs-section\" id=\"1620823619730-9b700697-6149\"><button class=\"w-tabs-section-header\" aria-controls=\"content-1620823619730-9b700697-6149\" aria-expanded=\"false\"><div class=\"w-tabs-section-title\">Mujeres cient\u00edficas<\/div><div class=\"w-tabs-section-control\"><\/div><\/button><div  class=\"w-tabs-section-content\" id=\"content-1620823619730-9b700697-6149\"><div class=\"w-tabs-section-content-h i-cf\">[vc_raw_html]JTVCeW90dXdwJTIwdHlwZSUzRCUyMnBsYXlsaXN0JTIyJTIwaWQlM0QlMjJQTFdVUEhlX3lqWFItWGp1SnpXQ09DWV92Q3dWNHRNLWVHJTIyJTIwJTVE[\/vc_raw_html]<\/div><\/div><\/div><div class=\"w-tabs-section\" id=\"x987\"><button class=\"w-tabs-section-header\" aria-controls=\"content-x987\" aria-expanded=\"false\"><div class=\"w-tabs-section-title\">Experimentos<\/div><div class=\"w-tabs-section-control\"><\/div><\/button><div  class=\"w-tabs-section-content\" id=\"content-x987\"><div class=\"w-tabs-section-content-h i-cf\">[vc_raw_html]JTVCeW90dXdwJTIwdHlwZSUzRCUyMnBsYXlsaXN0JTIyJTIwaWQlM0QlMjJQTFdVUEhlX3lqWFJfXzdkZlJPeHZWNnJQdFgxdHZnUWZnJTIyJTIwJTVE[\/vc_raw_html]<\/div><\/div><\/div><div class=\"w-tabs-section\" id=\"o993\"><button class=\"w-tabs-section-header\" aria-controls=\"content-o993\" aria-expanded=\"false\"><div class=\"w-tabs-section-title\">Charlas abiertas<\/div><div class=\"w-tabs-section-control\"><\/div><\/button><div  class=\"w-tabs-section-content\" id=\"content-o993\"><div class=\"w-tabs-section-content-h i-cf\">[vc_raw_html]JTVCeW90dXdwJTIwdHlwZSUzRCUyMnBsYXlsaXN0JTIyJTIwaWQlM0QlMjJQTFdVUEhlX3lqWFI5NGdKc3huRndHX2RuWFJ0a1R5UmhCJTIyJTIwJTVE[\/vc_raw_html]<\/div><\/div><\/div><div class=\"w-tabs-section\" id=\"t99e\"><button class=\"w-tabs-section-header\" aria-controls=\"content-t99e\" aria-expanded=\"false\"><div class=\"w-tabs-section-title\">Visita nuestros centros<\/div><div class=\"w-tabs-section-control\"><\/div><\/button><div  class=\"w-tabs-section-content\" id=\"content-t99e\"><div class=\"w-tabs-section-content-h i-cf\">[vc_raw_html]JTVCeW90dXdwJTIwdHlwZSUzRCUyMnBsYXlsaXN0JTIyJTIwaWQlM0QlMjJQTFdVUEhlX3lqWFJfNjlxZHJ5bFJsMWhPRmpXT19ZMGhoJTIyJTIwJTVE[\/vc_raw_html]<\/div><\/div><\/div><div class=\"w-tabs-section\" id=\"c9aa\"><button class=\"w-tabs-section-header\" aria-controls=\"content-c9aa\" aria-expanded=\"false\"><div class=\"w-tabs-section-title\">Cuentos cient\u00edficos<\/div><div class=\"w-tabs-section-control\"><\/div><\/button><div  class=\"w-tabs-section-content\" id=\"content-c9aa\"><div class=\"w-tabs-section-content-h i-cf\">[vc_raw_html]JTVCeW90dXdwJTIwdHlwZSUzRCUyMnBsYXlsaXN0JTIyJTIwaWQlM0QlMjJQTFdVUEhlX3lqWFItYUdGWmk0SlRab0lMSjkyZXFuX00wJTIyJTIwJTVE[\/vc_raw_html]<\/div><\/div><\/div><div class=\"w-tabs-section\" id=\"h9b5\"><button class=\"w-tabs-section-header\" aria-controls=\"content-h9b5\" aria-expanded=\"false\"><div class=\"w-tabs-section-title\">V\u00eddeos resumen<\/div><div class=\"w-tabs-section-control\"><\/div><\/button><div  class=\"w-tabs-section-content\" id=\"content-h9b5\"><div class=\"w-tabs-section-content-h i-cf\">[vc_raw_html]JTVCeW90dXdwJTIwdHlwZSUzRCUyMnBsYXlsaXN0JTIyJTIwaWQlM0QlMjJQTFdVUEhlX3lqWFItNW0tdVl1WDJmMWRvYk5mX2tPb1RsJTIyJTIwJTVE[\/vc_raw_html]<\/div><\/div><\/div><\/div><\/div><\/div><\/div><\/div><\/div><\/div><\/section>\n","protected":false},"excerpt":{"rendered":"Mujeres Cient\u00edficas 2024Mujeres Cient\u00edficas 2023Mujeres cient\u00edficasExperimentosCharlas abiertasVisita nuestros centrosCuentos cient\u00edficosV\u00eddeos resumenMujeres Cient\u00edficas 2024[vc_raw_html]JTVCeW90dXdwJTIwdHlwZSUzRCUyMnBsYXlsaXN0JTIyJTIwaWQlM0QlMjJQTFdVUEhlX3lqWFJfeF9HMnJMSXJFUDNTVXZTTVM4TzNmJTIyJTIwJTVE[\/vc_raw_html]Mujeres Cient\u00edficas 2023[vc_raw_html]JTVCeW90dXdwJTIwdHlwZSUzRCUyMnBsYXlsaXN0JTIyJTIwaWQlM0QlMjJQTFdVUEhlX3lqWFI5VFZyX2s0am1kcXhHeTVCb0pzdGRLJTIyJTIwJTVE[\/vc_raw_html]Mujeres cient\u00edficas[vc_raw_html]JTVCeW90dXdwJTIwdHlwZSUzRCUyMnBsYXlsaXN0JTIyJTIwaWQlM0QlMjJQTFdVUEhlX3lqWFItWGp1SnpXQ09DWV92Q3dWNHRNLWVHJTIyJTIwJTVE[\/vc_raw_html]Experimentos[vc_raw_html]JTVCeW90dXdwJTIwdHlwZSUzRCUyMnBsYXlsaXN0JTIyJTIwaWQlM0QlMjJQTFdVUEhlX3lqWFJfXzdkZlJPeHZWNnJQdFgxdHZnUWZnJTIyJTIwJTVE[\/vc_raw_html]Charlas abiertas[vc_raw_html]JTVCeW90dXdwJTIwdHlwZSUzRCUyMnBsYXlsaXN0JTIyJTIwaWQlM0QlMjJQTFdVUEhlX3lqWFI5NGdKc3huRndHX2RuWFJ0a1R5UmhCJTIyJTIwJTVE[\/vc_raw_html]Visita nuestros centros[vc_raw_html]JTVCeW90dXdwJTIwdHlwZSUzRCUyMnBsYXlsaXN0JTIyJTIwaWQlM0QlMjJQTFdVUEhlX3lqWFJfNjlxZHJ5bFJsMWhPRmpXT19ZMGhoJTIyJTIwJTVE[\/vc_raw_html]Cuentos cient\u00edficos[vc_raw_html]JTVCeW90dXdwJTIwdHlwZSUzRCUyMnBsYXlsaXN0JTIyJTIwaWQlM0QlMjJQTFdVUEhlX3lqWFItYUdGWmk0SlRab0lMSjkyZXFuX00wJTIyJTIwJTVE[\/vc_raw_html]V\u00eddeos resumen[vc_raw_html]JTVCeW90dXdwJTIwdHlwZSUzRCUyMnBsYXlsaXN0JTIyJTIwaWQlM0QlMjJQTFdVUEhlX3lqWFItNW0tdVl1WDJmMWRvYk5mX2tPb1RsJTIyJTIwJTVE[\/vc_raw_html]","protected":false},"author":1,"featured_media":0,"parent":0,"menu_order":0,"comment_status":"closed","ping_status":"closed","template":"","meta":{"_acf_changed":false,"footnotes":""},"class_list":["post-1285","page","type-page","status-publish","hentry"],"acf":[],"yoast_head":"<!-- This site is optimized with the Yoast SEO plugin v27.3 - https:\/\/yoast.com\/product\/yoast-seo-wordpress\/ -->\n<title>V\u00eddeos - Emakumeak zientzian<\/title>\n<meta name=\"robots\" content=\"index, follow, max-snippet:-1, max-image-preview:large, max-video-preview:-1\" \/>\n<link rel=\"canonical\" href=\"https:\/\/emakumeakzientzian.eus\/es\/videos\/\" \/>\n<meta property=\"og:locale\" content=\"es_ES\" \/>\n<meta property=\"og:type\" content=\"article\" \/>\n<meta property=\"og:title\" content=\"V\u00eddeos - Emakumeak zientzian\" \/>\n<meta property=\"og:url\" content=\"https:\/\/emakumeakzientzian.eus\/es\/videos\/\" \/>\n<meta property=\"og:site_name\" content=\"Emakumeak zientzian\" \/>\n<meta property=\"article:modified_time\" content=\"2024-07-08T14:20:12+00:00\" \/>\n<meta name=\"twitter:card\" content=\"summary_large_image\" \/>\n<meta name=\"twitter:label1\" content=\"Tiempo de lectura\" \/>\n\t<meta name=\"twitter:data1\" content=\"1 minuto\" \/>\n<script type=\"application\/ld+json\" class=\"yoast-schema-graph\">{\"@context\":\"https:\\\/\\\/schema.org\",\"@graph\":[{\"@type\":\"WebPage\",\"@id\":\"https:\\\/\\\/emakumeakzientzian.eus\\\/es\\\/videos\\\/\",\"url\":\"https:\\\/\\\/emakumeakzientzian.eus\\\/es\\\/videos\\\/\",\"name\":\"V\u00eddeos - Emakumeak zientzian\",\"isPartOf\":{\"@id\":\"https:\\\/\\\/emakumeakzientzian.eus\\\/es\\\/#website\"},\"datePublished\":\"2021-05-27T11:46:34+00:00\",\"dateModified\":\"2024-07-08T14:20:12+00:00\",\"breadcrumb\":{\"@id\":\"https:\\\/\\\/emakumeakzientzian.eus\\\/es\\\/videos\\\/#breadcrumb\"},\"inLanguage\":\"es\",\"potentialAction\":[{\"@type\":\"ReadAction\",\"target\":[\"https:\\\/\\\/emakumeakzientzian.eus\\\/es\\\/videos\\\/\"]}]},{\"@type\":\"BreadcrumbList\",\"@id\":\"https:\\\/\\\/emakumeakzientzian.eus\\\/es\\\/videos\\\/#breadcrumb\",\"itemListElement\":[{\"@type\":\"ListItem\",\"position\":1,\"name\":\"Home\",\"item\":\"https:\\\/\\\/emakumeakzientzian.eus\\\/es\\\/\"},{\"@type\":\"ListItem\",\"position\":2,\"name\":\"V\u00eddeos\"}]},{\"@type\":\"WebSite\",\"@id\":\"https:\\\/\\\/emakumeakzientzian.eus\\\/es\\\/#website\",\"url\":\"https:\\\/\\\/emakumeakzientzian.eus\\\/es\\\/\",\"name\":\"Emakumeak zientzian\",\"description\":\"Emakumeak zientzian jardunaldiak\",\"publisher\":{\"@id\":\"https:\\\/\\\/emakumeakzientzian.eus\\\/es\\\/#organization\"},\"potentialAction\":[{\"@type\":\"SearchAction\",\"target\":{\"@type\":\"EntryPoint\",\"urlTemplate\":\"https:\\\/\\\/emakumeakzientzian.eus\\\/es\\\/?s={search_term_string}\"},\"query-input\":{\"@type\":\"PropertyValueSpecification\",\"valueRequired\":true,\"valueName\":\"search_term_string\"}}],\"inLanguage\":\"es\"},{\"@type\":\"Organization\",\"@id\":\"https:\\\/\\\/emakumeakzientzian.eus\\\/es\\\/#organization\",\"name\":\"Emakumeak Zientzian\",\"url\":\"https:\\\/\\\/emakumeakzientzian.eus\\\/es\\\/\",\"logo\":{\"@type\":\"ImageObject\",\"inLanguage\":\"es\",\"@id\":\"https:\\\/\\\/emakumeakzientzian.eus\\\/es\\\/#\\\/schema\\\/logo\\\/image\\\/\",\"url\":\"https:\\\/\\\/emakumeakzientzian.eus\\\/wp-content\\\/uploads\\\/2022\\\/11\\\/Logo-EEZZ.png\",\"contentUrl\":\"https:\\\/\\\/emakumeakzientzian.eus\\\/wp-content\\\/uploads\\\/2022\\\/11\\\/Logo-EEZZ.png\",\"width\":1364,\"height\":1396,\"caption\":\"Emakumeak Zientzian\"},\"image\":{\"@id\":\"https:\\\/\\\/emakumeakzientzian.eus\\\/es\\\/#\\\/schema\\\/logo\\\/image\\\/\"}}]}<\/script>\n<!-- \/ Yoast SEO plugin. -->","yoast_head_json":{"title":"V\u00eddeos - Emakumeak zientzian","robots":{"index":"index","follow":"follow","max-snippet":"max-snippet:-1","max-image-preview":"max-image-preview:large","max-video-preview":"max-video-preview:-1"},"canonical":"https:\/\/emakumeakzientzian.eus\/es\/videos\/","og_locale":"es_ES","og_type":"article","og_title":"V\u00eddeos - Emakumeak zientzian","og_url":"https:\/\/emakumeakzientzian.eus\/es\/videos\/","og_site_name":"Emakumeak zientzian","article_modified_time":"2024-07-08T14:20:12+00:00","twitter_card":"summary_large_image","twitter_misc":{"Tiempo de lectura":"1 minuto"},"schema":{"@context":"https:\/\/schema.org","@graph":[{"@type":"WebPage","@id":"https:\/\/emakumeakzientzian.eus\/es\/videos\/","url":"https:\/\/emakumeakzientzian.eus\/es\/videos\/","name":"V\u00eddeos - Emakumeak zientzian","isPartOf":{"@id":"https:\/\/emakumeakzientzian.eus\/es\/#website"},"datePublished":"2021-05-27T11:46:34+00:00","dateModified":"2024-07-08T14:20:12+00:00","breadcrumb":{"@id":"https:\/\/emakumeakzientzian.eus\/es\/videos\/#breadcrumb"},"inLanguage":"es","potentialAction":[{"@type":"ReadAction","target":["https:\/\/emakumeakzientzian.eus\/es\/videos\/"]}]},{"@type":"BreadcrumbList","@id":"https:\/\/emakumeakzientzian.eus\/es\/videos\/#breadcrumb","itemListElement":[{"@type":"ListItem","position":1,"name":"Home","item":"https:\/\/emakumeakzientzian.eus\/es\/"},{"@type":"ListItem","position":2,"name":"V\u00eddeos"}]},{"@type":"WebSite","@id":"https:\/\/emakumeakzientzian.eus\/es\/#website","url":"https:\/\/emakumeakzientzian.eus\/es\/","name":"Emakumeak zientzian","description":"Emakumeak zientzian jardunaldiak","publisher":{"@id":"https:\/\/emakumeakzientzian.eus\/es\/#organization"},"potentialAction":[{"@type":"SearchAction","target":{"@type":"EntryPoint","urlTemplate":"https:\/\/emakumeakzientzian.eus\/es\/?s={search_term_string}"},"query-input":{"@type":"PropertyValueSpecification","valueRequired":true,"valueName":"search_term_string"}}],"inLanguage":"es"},{"@type":"Organization","@id":"https:\/\/emakumeakzientzian.eus\/es\/#organization","name":"Emakumeak Zientzian","url":"https:\/\/emakumeakzientzian.eus\/es\/","logo":{"@type":"ImageObject","inLanguage":"es","@id":"https:\/\/emakumeakzientzian.eus\/es\/#\/schema\/logo\/image\/","url":"https:\/\/emakumeakzientzian.eus\/wp-content\/uploads\/2022\/11\/Logo-EEZZ.png","contentUrl":"https:\/\/emakumeakzientzian.eus\/wp-content\/uploads\/2022\/11\/Logo-EEZZ.png","width":1364,"height":1396,"caption":"Emakumeak Zientzian"},"image":{"@id":"https:\/\/emakumeakzientzian.eus\/es\/#\/schema\/logo\/image\/"}}]}},"_links":{"self":[{"href":"https:\/\/emakumeakzientzian.eus\/es\/wp-json\/wp\/v2\/pages\/1285","targetHints":{"allow":["GET"]}}],"collection":[{"href":"https:\/\/emakumeakzientzian.eus\/es\/wp-json\/wp\/v2\/pages"}],"about":[{"href":"https:\/\/emakumeakzientzian.eus\/es\/wp-json\/wp\/v2\/types\/page"}],"author":[{"embeddable":true,"href":"https:\/\/emakumeakzientzian.eus\/es\/wp-json\/wp\/v2\/users\/1"}],"replies":[{"embeddable":true,"href":"https:\/\/emakumeakzientzian.eus\/es\/wp-json\/wp\/v2\/comments?post=1285"}],"version-history":[{"count":12,"href":"https:\/\/emakumeakzientzian.eus\/es\/wp-json\/wp\/v2\/pages\/1285\/revisions"}],"predecessor-version":[{"id":6730,"href":"https:\/\/emakumeakzientzian.eus\/es\/wp-json\/wp\/v2\/pages\/1285\/revisions\/6730"}],"wp:attachment":[{"href":"https:\/\/emakumeakzientzian.eus\/es\/wp-json\/wp\/v2\/media?parent=1285"}],"curies":[{"name":"wp","href":"https:\/\/api.w.org\/{rel}","templated":true}]}}